{"id":2,"date":"2025-10-05T08:48:47","date_gmt":"2025-10-05T08:48:47","guid":{"rendered":"http:\/\/flamingomaison108.vn\/virtual-tour-360\/?page_id=2"},"modified":"2025-11-17T08:05:31","modified_gmt":"2025-11-17T08:05:31","slug":"trang-chu","status":"publish","type":"page","link":"https:\/\/flamingomaison108.vn\/virtual-tour-360\/","title":{"rendered":"Trang Ch\u1ee7"},"content":{"rendered":"","protected":false},"excerpt":{"rendered":"","protected":false},"author":1,"featured_media":0,"parent":0,"menu_order":0,"comment_status":"closed","ping_status":"open","template":"page-templates\/homepage.php","meta":{"footnotes":""},"class_list":["post-2","page","type-page","status-publish","hentry"],"yoast_head":"<!-- This site is optimized with the Yoast SEO plugin v26.0 - https:\/\/yoast.com\/wordpress\/plugins\/seo\/ -->\n<title>Flamingo Maison 108 Ho Nui Coc | 360<\/title>\n<meta name=\"description\" content=\"B\u1ed9 s\u01b0u t\u1eadp 108 t\u01b0 dinh bi\u1ec7t l\u1eadp gi\u1eefa m\u1ed9t b\u1ee9c ho\u1ea1 nguy\u00ean sinh kh\u00f4ng c\u00f3 b\u1ea3n sao.\" \/>\n<meta name=\"robots\" content=\"index, follow, max-snippet:-1, max-image-preview:large, max-video-preview:-1\" \/>\n<link rel=\"canonical\" href=\"http:\/\/flamingomaison108.vn\/virtual-tour-360\/\" \/>\n<meta property=\"og:locale\" content=\"vi_VN\" \/>\n<meta property=\"og:type\" content=\"article\" \/>\n<meta property=\"og:title\" content=\"Flamingo Maison 108 Ho Nui Coc | 360\" \/>\n<meta property=\"og:description\" content=\"B\u1ed9 s\u01b0u t\u1eadp 108 t\u01b0 dinh bi\u1ec7t l\u1eadp gi\u1eefa m\u1ed9t b\u1ee9c ho\u1ea1 nguy\u00ean sinh kh\u00f4ng c\u00f3 b\u1ea3n sao.\" \/>\n<meta property=\"og:url\" content=\"http:\/\/flamingomaison108.vn\/virtual-tour-360\/\" \/>\n<meta property=\"og:site_name\" content=\"Flamingo Maison 108 Ho Nui Coc\" \/>\n<meta property=\"article:modified_time\" content=\"2025-11-17T08:05:31+00:00\" \/>\n<meta property=\"og:image\" content=\"http:\/\/flamingomaison108.vn\/virtual-tour-360\/wp-content\/uploads\/2025\/11\/social_share.jpg\" \/>\n\t<meta property=\"og:image:width\" content=\"1200\" \/>\n\t<meta property=\"og:image:height\" content=\"630\" \/>\n\t<meta property=\"og:image:type\" content=\"image\/jpeg\" \/>\n<meta name=\"twitter:card\" content=\"summary_large_image\" \/>\n<script type=\"application\/ld+json\" class=\"yoast-schema-graph\">{\"@context\":\"https:\/\/schema.org\",\"@graph\":[{\"@type\":\"WebPage\",\"@id\":\"http:\/\/flamingomaison108.vn\/virtual-tour-360\/\",\"url\":\"http:\/\/flamingomaison108.vn\/virtual-tour-360\/\",\"name\":\"Flamingo Maison 108 Ho Nui Coc | 360\",\"isPartOf\":{\"@id\":\"http:\/\/flamingomaison108.vn\/virtual-tour-360\/#website\"},\"datePublished\":\"2025-10-05T08:48:47+00:00\",\"dateModified\":\"2025-11-17T08:05:31+00:00\",\"description\":\"B\u1ed9 s\u01b0u t\u1eadp 108 t\u01b0 dinh bi\u1ec7t l\u1eadp gi\u1eefa m\u1ed9t b\u1ee9c ho\u1ea1 nguy\u00ean sinh kh\u00f4ng c\u00f3 b\u1ea3n sao.\",\"breadcrumb\":{\"@id\":\"http:\/\/flamingomaison108.vn\/virtual-tour-360\/#breadcrumb\"},\"inLanguage\":\"vi\",\"potentialAction\":[{\"@type\":\"ReadAction\",\"target\":[\"http:\/\/flamingomaison108.vn\/virtual-tour-360\/\"]}]},{\"@type\":\"BreadcrumbList\",\"@id\":\"http:\/\/flamingomaison108.vn\/virtual-tour-360\/#breadcrumb\",\"itemListElement\":[{\"@type\":\"ListItem\",\"position\":1,\"name\":\"Trang ch\u1ee7\",\"item\":\"http:\/\/flamingomaison108.vn\/virtual-tour-360\/\"},{\"@type\":\"ListItem\",\"position\":2,\"name\":\"Trang Ch\u1ee7\"}]},{\"@type\":\"WebSite\",\"@id\":\"http:\/\/flamingomaison108.vn\/virtual-tour-360\/#website\",\"url\":\"http:\/\/flamingomaison108.vn\/virtual-tour-360\/\",\"name\":\"Flamingo Maison 108\",\"description\":\"360\",\"potentialAction\":[{\"@type\":\"SearchAction\",\"target\":{\"@type\":\"EntryPoint\",\"urlTemplate\":\"http:\/\/flamingomaison108.vn\/virtual-tour-360\/?s={search_term_string}\"},\"query-input\":{\"@type\":\"PropertyValueSpecification\",\"valueRequired\":true,\"valueName\":\"search_term_string\"}}],\"inLanguage\":\"vi\"}]}<\/script>\n<!-- \/ Yoast SEO plugin. -->","yoast_head_json":{"title":"Flamingo Maison 108 Ho Nui Coc | 360","description":"B\u1ed9 s\u01b0u t\u1eadp 108 t\u01b0 dinh bi\u1ec7t l\u1eadp gi\u1eefa m\u1ed9t b\u1ee9c ho\u1ea1 nguy\u00ean sinh kh\u00f4ng c\u00f3 b\u1ea3n sao.","robots":{"index":"index","follow":"follow","max-snippet":"max-snippet:-1","max-image-preview":"max-image-preview:large","max-video-preview":"max-video-preview:-1"},"canonical":"http:\/\/flamingomaison108.vn\/virtual-tour-360\/","og_locale":"vi_VN","og_type":"article","og_title":"Flamingo Maison 108 Ho Nui Coc | 360","og_description":"B\u1ed9 s\u01b0u t\u1eadp 108 t\u01b0 dinh bi\u1ec7t l\u1eadp gi\u1eefa m\u1ed9t b\u1ee9c ho\u1ea1 nguy\u00ean sinh kh\u00f4ng c\u00f3 b\u1ea3n sao.","og_url":"http:\/\/flamingomaison108.vn\/virtual-tour-360\/","og_site_name":"Flamingo Maison 108 Ho Nui Coc","article_modified_time":"2025-11-17T08:05:31+00:00","og_image":[{"width":1200,"height":630,"url":"http:\/\/flamingomaison108.vn\/virtual-tour-360\/wp-content\/uploads\/2025\/11\/social_share.jpg","type":"image\/jpeg"}],"twitter_card":"summary_large_image","schema":{"@context":"https:\/\/schema.org","@graph":[{"@type":"WebPage","@id":"http:\/\/flamingomaison108.vn\/virtual-tour-360\/","url":"http:\/\/flamingomaison108.vn\/virtual-tour-360\/","name":"Flamingo Maison 108 Ho Nui Coc | 360","isPartOf":{"@id":"http:\/\/flamingomaison108.vn\/virtual-tour-360\/#website"},"datePublished":"2025-10-05T08:48:47+00:00","dateModified":"2025-11-17T08:05:31+00:00","description":"B\u1ed9 s\u01b0u t\u1eadp 108 t\u01b0 dinh bi\u1ec7t l\u1eadp gi\u1eefa m\u1ed9t b\u1ee9c ho\u1ea1 nguy\u00ean sinh kh\u00f4ng c\u00f3 b\u1ea3n sao.","breadcrumb":{"@id":"http:\/\/flamingomaison108.vn\/virtual-tour-360\/#breadcrumb"},"inLanguage":"vi","potentialAction":[{"@type":"ReadAction","target":["http:\/\/flamingomaison108.vn\/virtual-tour-360\/"]}]},{"@type":"BreadcrumbList","@id":"http:\/\/flamingomaison108.vn\/virtual-tour-360\/#breadcrumb","itemListElement":[{"@type":"ListItem","position":1,"name":"Trang ch\u1ee7","item":"http:\/\/flamingomaison108.vn\/virtual-tour-360\/"},{"@type":"ListItem","position":2,"name":"Trang Ch\u1ee7"}]},{"@type":"WebSite","@id":"http:\/\/flamingomaison108.vn\/virtual-tour-360\/#website","url":"http:\/\/flamingomaison108.vn\/virtual-tour-360\/","name":"Flamingo Maison 108","description":"360","potentialAction":[{"@type":"SearchAction","target":{"@type":"EntryPoint","urlTemplate":"http:\/\/flamingomaison108.vn\/virtual-tour-360\/?s={search_term_string}"},"query-input":{"@type":"PropertyValueSpecification","valueRequired":true,"valueName":"search_term_string"}}],"inLanguage":"vi"}]}},"_links":{"self":[{"href":"https:\/\/flamingomaison108.vn\/virtual-tour-360\/wp-json\/wp\/v2\/pages\/2","targetHints":{"allow":["GET"]}}],"collection":[{"href":"https:\/\/flamingomaison108.vn\/virtual-tour-360\/wp-json\/wp\/v2\/pages"}],"about":[{"href":"https:\/\/flamingomaison108.vn\/virtual-tour-360\/wp-json\/wp\/v2\/types\/page"}],"author":[{"embeddable":true,"href":"https:\/\/flamingomaison108.vn\/virtual-tour-360\/wp-json\/wp\/v2\/users\/1"}],"replies":[{"embeddable":true,"href":"https:\/\/flamingomaison108.vn\/virtual-tour-360\/wp-json\/wp\/v2\/comments?post=2"}],"version-history":[{"count":1,"href":"https:\/\/flamingomaison108.vn\/virtual-tour-360\/wp-json\/wp\/v2\/pages\/2\/revisions"}],"predecessor-version":[{"id":5,"href":"https:\/\/flamingomaison108.vn\/virtual-tour-360\/wp-json\/wp\/v2\/pages\/2\/revisions\/5"}],"wp:attachment":[{"href":"https:\/\/flamingomaison108.vn\/virtual-tour-360\/wp-json\/wp\/v2\/media?parent=2"}],"curies":[{"name":"wp","href":"https:\/\/api.w.org\/{rel}","templated":true}]}}